{"id":104,"date":"2022-10-14T13:45:37","date_gmt":"2022-10-14T13:45:37","guid":{"rendered":"https:\/\/hilberer.com\/?page_id=104"},"modified":"2022-10-16T20:12:02","modified_gmt":"2022-10-16T20:12:02","slug":"projekte-retten","status":"publish","type":"page","link":"https:\/\/hilberer.com\/?page_id=104","title":{"rendered":"Wenn die H\u00fctte brennt, ist erstmal L\u00f6schen angesagt!"},"content":{"rendered":"\n<p>Projekte scheitern nicht an technischen Problemen oder Komplexit\u00e4t. Projekte scheitern durch menschliche Faktoren und mangelnde Flexibilit\u00e4t.&nbsp;<\/p>\n\n\n<div class=\"wp-block-image\">\n<figure class=\"alignright size-medium\"><img fetchpriority=\"high\" width=\"300\" height=\"300\" src=\"https:\/\/hilberer.com\/wp-content\/uploads\/2022\/10\/fire_burning03-300x300.png\" alt=\"B\u00fcrogeb\u00e4ude brennt\" class=\"wp-image-176\" srcset=\"https:\/\/hilberer.com\/wp-content\/uploads\/2022\/10\/fire_burning03-300x300.png 300w, https:\/\/hilberer.com\/wp-content\/uploads\/2022\/10\/fire_burning03-150x150.png 150w, https:\/\/hilberer.com\/wp-content\/uploads\/2022\/10\/fire_burning03.png 512w\" sizes=\"(max-width: 300px) 100vw, 300px\" \/><\/figure><\/div>\n\n\n<p>Manchmal ist es notwendig, kurzfristig ein Projekt zu retten und auf eine langfristige und nachhaltige Transformation zu warten ist keine Option.&nbsp;<\/p>\n\n\n\n<p>Gerade bei vermeintlich \u201edoomed projects\u201c besteht ein ungeheures Potential, schnell wieder in die Wertsch\u00f6pfung einzusteigen und damit einen sehr schnellen <a href=\"https:\/\/hilberer.com\/?page_id=143\" data-type=\"page\" data-id=\"143\" target=\"_blank\" rel=\"noreferrer noopener\">ROI <\/a>der agilen Transformation zu erreichen. Ist die Rettung gelungen, kann immer noch aus einer Position der St\u00e4rke heraus eine bleibende Transformation angestrebt werden, um idealerweise gar nicht mehr in eine vergleichbare Situation zu kommen.<\/p>\n\n\n\n<p>Durch eine moderne Facilitation unterst\u00fctze ich Projektteams darin aus Abw\u00e4rtsspiralen auszubrechen und in einen neuen <a href=\"https:\/\/hilberer.com\/?page_id=143\" data-type=\"page\" data-id=\"143\" target=\"_blank\" rel=\"noreferrer noopener\">Co-Creation<\/a> Modus zu gelangen, der (eigentlich) gescheiterte Projekte wieder in produktive, agile und flexible Projekte \u00fcberf\u00fchrt.<\/p>\n\n\n<div class=\"wp-block-image\">\n<figure class=\"alignleft size-medium\"><img width=\"300\" height=\"300\" src=\"https:\/\/hilberer.com\/wp-content\/uploads\/2022\/10\/building_provisory_Bridge-300x300.png\" alt=\"Building a provisory bridge\" class=\"wp-image-182\" srcset=\"https:\/\/hilberer.com\/wp-content\/uploads\/2022\/10\/building_provisory_Bridge-300x300.png 300w, https:\/\/hilberer.com\/wp-content\/uploads\/2022\/10\/building_provisory_Bridge-150x150.png 150w, https:\/\/hilberer.com\/wp-content\/uploads\/2022\/10\/building_provisory_Bridge.png 512w\" sizes=\"(max-width: 300px) 100vw, 300px\" \/><\/figure><\/div>\n\n\n<p>Ein Workshop kann keine Organisation ver\u00e4ndern aber er kann sehr wertvoll sein, um eine scheinbar un\u00fcberwindliche Projektsituation zu kl\u00e4ren. In vielen verschiedenen Kundenprojekten konnte ich durch kurzfristige <a href=\"https:\/\/hilberer.com\/?page_id=143\" data-type=\"page\" data-id=\"143\" target=\"_blank\" rel=\"noreferrer noopener\">Coaching Interventions<\/a> den Projektabbruch verhindern und dadurch den Boden f\u00fcr eine bessere Zusammenarbeit in der Zukunft bereiten.&nbsp;<\/p>\n\n\n\n<p>Nach Absprache mit Ihnen wird der Problembereich umrissen und in Workshops mit den Teams der Problem- und L\u00f6sungsbereich definiert und ganz konkrete, verbindliche Schritte f\u00fcr die kommenden Wochen festgelegt. Diesem Plan folgend kann das Projekt gerettet werden.<\/p>\n\n\n\n<p>Damit ist die kurzfristige Rettung des Projektes abgeschlossen. Sie entscheiden, ob das ausreicht oder wir gemeinsam in eine Transformation einsteigen, um in Zukunft solche Projektsituationen zu vermeiden.<\/p>\n\n\n\n<p>Der genaue Ablauf und die genutzten Methoden werden f\u00fcr jedes Coaching individuell ausgew\u00e4hlt und angepasst.<\/p>\n\n\n\n<hr class=\"wp-block-separator has-alpha-channel-opacity\"\/>\n\n\n\n<figure class=\"wp-block-image size-full\"><img width=\"800\" height=\"533\" src=\"https:\/\/hilberer.com\/wp-content\/uploads\/2022\/10\/Projekte_retten_in_drei_Tagen-1.png\" alt=\"Projekte retten in 3 Tagen\" class=\"wp-image-194\" srcset=\"https:\/\/hilberer.com\/wp-content\/uploads\/2022\/10\/Projekte_retten_in_drei_Tagen-1.png 800w, https:\/\/hilberer.com\/wp-content\/uploads\/2022\/10\/Projekte_retten_in_drei_Tagen-1-300x200.png 300w, https:\/\/hilberer.com\/wp-content\/uploads\/2022\/10\/Projekte_retten_in_drei_Tagen-1-768x512.png 768w\" sizes=\"(max-width: 800px) 100vw, 800px\" \/><\/figure>\n\n\n\n<div class=\"wp-container-3 wp-block-columns\">\n<div class=\"wp-container-1 wp-block-column\">\n<p><em>Ablauf<sup>*<\/sup>:<\/em><\/p>\n\n\n\n<ul><li>1 Vorgespr\u00e4ch<\/li><li>1 Planungstreffen<\/li><li>1 Tag Workshop mit dem erweiterten Team<\/li><li>1 Nachbesprechung \/ Retrospektive<\/li><\/ul>\n\n\n\n<p>Deliverables<sup>**<\/sup>:<\/p>\n\n\n\n<ul><li>Standortbestimmung ihres Projektes<\/li><li>Dokumentation des Workshops<\/li><li>Konkrete n\u00e4chste Schritte<\/li><li>Vorschlag f\u00fcr langfristige Transformation<\/li><\/ul>\n<\/div>\n\n\n\n<div class=\"wp-container-2 wp-block-column\">\n<p>Preis<sup>***<\/sup>:<\/p>\n\n\n\n<ul><li><strong>DACH \/ BeNeLux: 7.500 \u20ac<\/strong> <sub>(zzgl. Steuern und Reisekosten)<\/sub><\/li><li><strong>EMEA: 10.000 \u20ac<\/strong> <sub>(zzgl. Steuern und Reisekosten)<\/sub><\/li><\/ul>\n<\/div>\n<\/div>\n\n\n\n<hr class=\"wp-block-separator has-alpha-channel-opacity\"\/>\n\n\n\n<p><sup>*<\/sup>gerne f\u00fchre ich die Workshops gemeinsam mit ihren SCRUM Mastern oder Agile Coaches durch<\/p>\n\n\n\n<p><sup>**<\/sup>k\u00f6nnen individuell um zus\u00e4tzliche Artefakte (z.B. Business Model Canvas) erweitert werden<\/p>\n\n\n\n<p><sup>***<\/sup>Americas und Asia-Pacific auf Anfrage<\/p>\n","protected":false},"excerpt":{"rendered":"<p>Projekte scheitern nicht an technischen Problemen oder Komplexit\u00e4t. Projekte scheitern durch menschliche Faktoren und mangelnde Flexibilit\u00e4t.&nbsp; Manchmal ist es notwendig, kurzfristig ein Projekt zu retten und auf eine langfristige und nachhaltige Transformation zu warten ist keine Option.&nbsp; Gerade bei vermeintlich<\/p>\n","protected":false},"author":1,"featured_media":0,"parent":0,"menu_order":0,"comment_status":"closed","ping_status":"closed","template":"","meta":[],"_links":{"self":[{"href":"https:\/\/hilberer.com\/index.php?rest_route=\/wp\/v2\/pages\/104"}],"collection":[{"href":"https:\/\/hilberer.com\/index.php?rest_route=\/wp\/v2\/pages"}],"about":[{"href":"https:\/\/hilberer.com\/index.php?rest_route=\/wp\/v2\/types\/page"}],"author":[{"embeddable":true,"href":"https:\/\/hilberer.com\/index.php?rest_route=\/wp\/v2\/users\/1"}],"replies":[{"embeddable":true,"href":"https:\/\/hilberer.com\/index.php?rest_route=%2Fwp%2Fv2%2Fcomments&post=104"}],"version-history":[{"count":9,"href":"https:\/\/hilberer.com\/index.php?rest_route=\/wp\/v2\/pages\/104\/revisions"}],"predecessor-version":[{"id":195,"href":"https:\/\/hilberer.com\/index.php?rest_route=\/wp\/v2\/pages\/104\/revisions\/195"}],"wp:attachment":[{"href":"https:\/\/hilberer.com\/index.php?rest_route=%2Fwp%2Fv2%2Fmedia&parent=104"}],"curies":[{"name":"wp","href":"https:\/\/api.w.org\/{rel}","templated":true}]}}