{"id":129,"date":"2022-10-14T15:26:16","date_gmt":"2022-10-14T15:26:16","guid":{"rendered":"https:\/\/hilberer.com\/?page_id=129"},"modified":"2022-10-14T15:26:53","modified_gmt":"2022-10-14T15:26:53","slug":"blog","status":"publish","type":"page","link":"https:\/\/hilberer.com\/?page_id=129","title":{"rendered":"Blog"},"content":{"rendered":"<ul class=\"wp-block-latest-posts__list has-dates wp-block-latest-posts\"><li><div class=\"wp-block-latest-posts__featured-image alignleft\"><img loading=\"lazy\" width=\"150\" height=\"150\" src=\"https:\/\/hilberer.com\/wp-content\/uploads\/2022\/12\/Horse_collecting_rubbish-150x150.png\" class=\"attachment-thumbnail size-thumbnail wp-post-image\" alt=\"Pferd sammelt M\u00fcll ein\" style=\"\" loading=\"lazy\" srcset=\"https:\/\/hilberer.com\/wp-content\/uploads\/2022\/12\/Horse_collecting_rubbish-150x150.png 150w, https:\/\/hilberer.com\/wp-content\/uploads\/2022\/12\/Horse_collecting_rubbish-300x300.png 300w, https:\/\/hilberer.com\/wp-content\/uploads\/2022\/12\/Horse_collecting_rubbish-1024x1024.png 1024w, https:\/\/hilberer.com\/wp-content\/uploads\/2022\/12\/Horse_collecting_rubbish-768x768.png 768w, https:\/\/hilberer.com\/wp-content\/uploads\/2022\/12\/Horse_collecting_rubbish-1536x1536.png 1536w, https:\/\/hilberer.com\/wp-content\/uploads\/2022\/12\/Horse_collecting_rubbish.png 2048w\" sizes=\"(max-width: 150px) 100vw, 150px\" \/><\/div><a class=\"wp-block-latest-posts__post-title\" href=\"https:\/\/hilberer.com\/?p=241\">Das Unerwartete erwarten<\/a><time datetime=\"2022-12-14T09:47:59+00:00\" class=\"wp-block-latest-posts__post-date\">Dezember 14, 2022<\/time><div class=\"wp-block-latest-posts__post-excerpt\">Einer der sch\u00f6nen Aspekte von Innovation ist, dass uns das Unerwartete immer wieder \u00fcberraschen kann. Nimmt man gewohntes aus dem etablierten Kontext und setzt es in einen neuen, entsteht oftmals mehr als urspr\u00fcnglich angenommen. Auf ein sch\u00f6nes Beispiel bin ich heute im Guardian aufmerksam geworden. (Der Link ist aus dem BrandEins Newsletter &#8211; ebenfalls sehr<\/div><\/li>\n<li><div class=\"wp-block-latest-posts__featured-image alignleft\"><img loading=\"lazy\" width=\"150\" height=\"150\" src=\"https:\/\/hilberer.com\/wp-content\/uploads\/2022\/11\/Innovationskultur02-150x150.png\" class=\"attachment-thumbnail size-thumbnail wp-post-image\" alt=\"Innovationskultur\" style=\"\" loading=\"lazy\" \/><\/div><a class=\"wp-block-latest-posts__post-title\" href=\"https:\/\/hilberer.com\/?p=236\">Projektgesch\u00e4ft ohne Innovationskultur ist ein Spiel der Verlierer<\/a><time datetime=\"2022-11-10T13:38:50+00:00\" class=\"wp-block-latest-posts__post-date\">November 10, 2022<\/time><div class=\"wp-block-latest-posts__post-excerpt\">Innovation auf die Stra\u00dfe zu bringen ist harte Arbeit. Sie braucht das Projekt, die rote Arbeit, die Experimente und die individuellen L\u00f6sungen. Es muss ausprobiert, angepasst und neu probiert werden &#8211; immer wieder. Innovation lebt vom Freiraum. F\u00fcr Organisationen ist ein solches Projektgesch\u00e4ft anstrengend und aufreibend. Projektarbeit ist per Definition einmalig und au\u00dferhalb der Linienorganisation<\/div><\/li>\n<li><div class=\"wp-block-latest-posts__featured-image alignleft\"><img loading=\"lazy\" width=\"150\" height=\"150\" src=\"https:\/\/hilberer.com\/wp-content\/uploads\/2022\/10\/Leute_mitnehmen-150x150.png\" class=\"attachment-thumbnail size-thumbnail wp-post-image\" alt=\"Leute mitnehmen\" style=\"\" loading=\"lazy\" \/><\/div><a class=\"wp-block-latest-posts__post-title\" href=\"https:\/\/hilberer.com\/?p=228\">Dein Team abholen? H\u00f6r damit auf!<\/a><time datetime=\"2022-10-19T11:17:41+00:00\" class=\"wp-block-latest-posts__post-date\">Oktober 19, 2022<\/time><div class=\"wp-block-latest-posts__post-excerpt\">Transformationen sind immer stressig f\u00fcr Organisationen. Neben dem Tagesgesch\u00e4ft muss auch noch Zeit (und Geld) in die Weiterentwicklung investiert werden, wobei das Kerngesch\u00e4ft nat\u00fcrlich nicht leiden darf. Nicht selten h\u00f6rt man dann in Workshops die Worte \u201edann m\u00fcssen wir Team X noch mitnehmen\u201c oder \u201eWir d\u00fcrfen nicht vergessen Team Y abzuholen\u201c.&nbsp; Dahinter steckt ein gef\u00e4hrlicher<\/div><\/li>\n<li><div class=\"wp-block-latest-posts__featured-image alignleft\"><img loading=\"lazy\" width=\"150\" height=\"150\" src=\"https:\/\/hilberer.com\/wp-content\/uploads\/2022\/08\/Projekte_scheitern-150x150.png\" class=\"attachment-thumbnail size-thumbnail wp-post-image\" alt=\"Projekte scheitern\" style=\"\" loading=\"lazy\" srcset=\"https:\/\/hilberer.com\/wp-content\/uploads\/2022\/08\/Projekte_scheitern-150x150.png 150w, https:\/\/hilberer.com\/wp-content\/uploads\/2022\/08\/Projekte_scheitern-300x300.png 300w, https:\/\/hilberer.com\/wp-content\/uploads\/2022\/08\/Projekte_scheitern.png 512w\" sizes=\"(max-width: 150px) 100vw, 150px\" \/><\/div><a class=\"wp-block-latest-posts__post-title\" href=\"https:\/\/hilberer.com\/?p=69\">Sorgf\u00e4ltig geplant, gewissenhaft kontrolliert &#8211; trotzdem l\u00e4uft Dein Projekt nicht!<\/a><time datetime=\"2022-08-08T11:52:43+00:00\" class=\"wp-block-latest-posts__post-date\">August 8, 2022<\/time><div class=\"wp-block-latest-posts__post-excerpt\">Projekte laufen aus ihrem Budget, brauchen l\u00e4nger und liefern nicht das, was Du Dir am Anfang von ihnen versprochen hast. Und das obwohl Du und Dein Team jedesmal versuchen, es besser zum machen&#8230;<\/div><\/li>\n<\/ul>\n\n\n<hr class=\"wp-block-separator has-alpha-channel-opacity\"\/>\n\n\n<ul class=\" wp-block-archives-list wp-block-archives\">\t<li><a href='https:\/\/hilberer.com\/?m=202212'>Dezember 2022<\/a><\/li>\n\t<li><a href='https:\/\/hilberer.com\/?m=202211'>November 2022<\/a><\/li>\n\t<li><a href='https:\/\/hilberer.com\/?m=202210'>Oktober 2022<\/a><\/li>\n\t<li><a href='https:\/\/hilberer.com\/?m=202208'>August 2022<\/a><\/li>\n<\/ul>","protected":false},"excerpt":{"rendered":"","protected":false},"author":1,"featured_media":0,"parent":0,"menu_order":0,"comment_status":"closed","ping_status":"closed","template":"","meta":[],"_links":{"self":[{"href":"https:\/\/hilberer.com\/index.php?rest_route=\/wp\/v2\/pages\/129"}],"collection":[{"href":"https:\/\/hilberer.com\/index.php?rest_route=\/wp\/v2\/pages"}],"about":[{"href":"https:\/\/hilberer.com\/index.php?rest_route=\/wp\/v2\/types\/page"}],"author":[{"embeddable":true,"href":"https:\/\/hilberer.com\/index.php?rest_route=\/wp\/v2\/users\/1"}],"replies":[{"embeddable":true,"href":"https:\/\/hilberer.com\/index.php?rest_route=%2Fwp%2Fv2%2Fcomments&post=129"}],"version-history":[{"count":3,"href":"https:\/\/hilberer.com\/index.php?rest_route=\/wp\/v2\/pages\/129\/revisions"}],"predecessor-version":[{"id":133,"href":"https:\/\/hilberer.com\/index.php?rest_route=\/wp\/v2\/pages\/129\/revisions\/133"}],"wp:attachment":[{"href":"https:\/\/hilberer.com\/index.php?rest_route=%2Fwp%2Fv2%2Fmedia&parent=129"}],"curies":[{"name":"wp","href":"https:\/\/api.w.org\/{rel}","templated":true}]}}