{"id":201,"date":"2022-10-18T13:50:48","date_gmt":"2022-10-18T13:50:48","guid":{"rendered":"https:\/\/hilberer.com\/?page_id=201"},"modified":"2022-10-19T07:46:13","modified_gmt":"2022-10-19T07:46:13","slug":"transformationspakete","status":"publish","type":"page","link":"https:\/\/hilberer.com\/?page_id=201","title":{"rendered":"Transformationspakete"},"content":{"rendered":"\n<p>Kein Transformationsprojekt ist wie das andere &#8211; das macht es f\u00fcr Unternehmen so schwierig die Kosten f\u00fcr ihre externe Unterst\u00fctzung zu planen.<\/p>\n\n\n\n<p>Mit den drei Transformationspaketen, Roadmap, Sprint und Ultra k\u00f6nnen Sie dagegen einfach die monatlichen Kosten einplanen und haben am Ende jedes Paketes einen definierten, dokumentierten Stand. So k\u00f6nnen Sie einfach entscheiden, ob wir den Transformationspfad weiter gemeinsam beschreiten wollen oder Sie eine andere L\u00f6sung bevorzugen.<\/p>\n\n\n\n<figure class=\"wp-block-image size-large\"><img fetchpriority=\"high\" width=\"1024\" height=\"702\" src=\"https:\/\/hilberer.com\/wp-content\/uploads\/2022\/10\/Transformationspakete_planbar_wirkungsvoll-1024x702.png\" alt=\"Die Transformationspakete machen Ihre Investition planbar, die Dokumentation und  das iterative Vorgehen sichern Ihren Return on Invest.  Jedes Paket bringt Ihre  Organisation voran!\" class=\"wp-image-202\" srcset=\"https:\/\/hilberer.com\/wp-content\/uploads\/2022\/10\/Transformationspakete_planbar_wirkungsvoll-1024x702.png 1024w, https:\/\/hilberer.com\/wp-content\/uploads\/2022\/10\/Transformationspakete_planbar_wirkungsvoll-300x206.png 300w, https:\/\/hilberer.com\/wp-content\/uploads\/2022\/10\/Transformationspakete_planbar_wirkungsvoll-768x527.png 768w, https:\/\/hilberer.com\/wp-content\/uploads\/2022\/10\/Transformationspakete_planbar_wirkungsvoll-1536x1053.png 1536w, https:\/\/hilberer.com\/wp-content\/uploads\/2022\/10\/Transformationspakete_planbar_wirkungsvoll-2048x1405.png 2048w\" sizes=\"(max-width: 1024px) 100vw, 1024px\" \/><\/figure>\n\n\n\n<hr class=\"wp-block-separator has-alpha-channel-opacity\"\/>\n\n\n\n<div class=\"wp-container-7 wp-block-columns alignwide\">\n<div class=\"wp-container-2 wp-elements-d5667ce87f6d955ef0c0c53924f24ada wp-block-column has-text-color has-background has-link-color\" style=\"background-color:#ffe97d;color:#000000;padding-top:2em;padding-right:2em;padding-bottom:2em;padding-left:2em\">\n<h4 id=\"single\" style=\"font-size:40px\">HIT<\/h4>\n\n\n\n<hr class=\"wp-block-separator has-alpha-channel-opacity\"\/>\n\n\n\n<p class=\"has-normal-font-size\" style=\"line-height:1.5\"><strong>Laufzeit: 1 Monat<\/strong> <\/p>\n\n\n\n<hr class=\"wp-block-separator has-text-color has-css-opacity has-background is-style-wide\" style=\"background-color:#000000;color:#000000\"\/>\n\n\n\n<figure class=\"wp-block-table\"><table><tbody><tr><td>Analyse<br>&#8211;<br>Discovery Workshop<sup>*<\/sup><br>&#8211;<br>Transformation Fitness Level<br>&#8211;<br>Transformation Roadmap<br><br><br><br><br><br><br><br><br><br><br><br><br><br><br><br><\/td><\/tr><\/tbody><\/table><figcaption><sup>*<\/sup> idealerweise 1 Tag, vor Ort<\/figcaption><\/figure>\n\n\n\n<div class=\"wp-container-1 is-horizontal is-content-justification-center wp-block-buttons alignfull\">\n<div class=\"wp-block-button has-custom-width wp-block-button__width-100\"><a class=\"wp-block-button__link has-white-color has-text-color has-background no-border-radius\" href=\"https:\/\/calendly.com\/michaelhilberer\/30min\" style=\"background-color:#000000\" target=\"_blank\" rel=\"noreferrer noopener\">9.990<sup>**<\/sup>\u00a0\u20ac \/ Monat<\/a><\/div>\n<\/div>\n<\/div>\n\n\n\n<div class=\"wp-container-4 wp-elements-e2d30b0559ef49b510af3c0b54300b21 wp-block-column has-text-color has-background has-link-color\" style=\"background-color:#d1d1e1;color:#000000;padding-top:2em;padding-right:2em;padding-bottom:2em;padding-left:2em\">\n<h4 id=\"family\" style=\"font-size:40px\">Sprint<\/h4>\n\n\n\n<hr class=\"wp-block-separator has-alpha-channel-opacity\"\/>\n\n\n\n<p class=\"has-normal-font-size\" style=\"line-height:1.5\"><strong>Laufzeit: 3 Monate<\/strong><\/p>\n\n\n\n<hr class=\"wp-block-separator has-css-opacity is-style-wide\"\/>\n\n\n\n<figure class=\"wp-block-table\"><table><tbody><tr><td>Analyse<br>&#8211;<br>Discovery Workshop<sup>*<\/sup><br>&#8211;<br>Transformation Fitness Level<br>&#8211;<br>Transformation Roadmap<br>&#8211;<br>Exploration Workshop<sup>*<\/sup><br>&#8211;<br>Transformation Team Setup<br>&#8211;<br>Transformation Backlog<br>&#8211;<br>2 Prototype Iterations<br>&#8211;<br>Abrufkontingent Coaching: 5 Tage<\/td><\/tr><\/tbody><\/table><figcaption><sup>*<\/sup> idealerweise 1 Tag, vor Ort<\/figcaption><\/figure>\n\n\n\n<div class=\"wp-container-3 is-horizontal is-content-justification-center wp-block-buttons alignfull\">\n<div class=\"wp-block-button has-custom-width wp-block-button__width-100 is-style-fill\"><a class=\"wp-block-button__link has-white-color has-text-color has-background no-border-radius\" href=\"https:\/\/calendly.com\/michaelhilberer\/30min\" style=\"background-color:#000000\" target=\"_blank\" rel=\"noreferrer noopener\">7.990<sup>**<\/sup>\u00a0\u20ac \/ Monat<\/a><\/div>\n<\/div>\n<\/div>\n\n\n\n<div class=\"wp-container-6 wp-elements-e5fa84d5c46fa6695a599764f19487c9 wp-block-column has-text-color has-background has-link-color\" style=\"background-color:#c0ebf1;color:#000000;padding-top:2em;padding-right:2em;padding-bottom:2em;padding-left:2em\">\n<h4 id=\"patron\" style=\"font-size:40px\">Ultra<\/h4>\n\n\n\n<hr class=\"wp-block-separator has-alpha-channel-opacity\"\/>\n\n\n\n<p class=\"has-normal-font-size\"><strong>Laufzeit: 9 Monate<\/strong><\/p>\n\n\n\n<hr class=\"wp-block-separator has-css-opacity is-style-wide\"\/>\n\n\n\n<figure class=\"wp-block-table\"><table><tbody><tr><td>Analyse<br>&#8211;<br>Discovery Workshop<sup>*<\/sup><br>&#8211;<br>Transformation Fitness Level<br>&#8211;<br>Transformation Roadmap<br>&#8211;<br>Exploration Workshop<sup>*<\/sup><br>&#8211;<br>Transformation Team Setup<br>&#8211;<br>Transformation Backlog<br>&#8211;<br>6 Prototype Iterations<br>&#8211;<br>Abrufkontingent Coaching: 20 Tage<\/td><\/tr><\/tbody><\/table><figcaption><sup>*<\/sup> idealerweise 1 Tag, vor Ort<\/figcaption><\/figure>\n\n\n\n<div class=\"wp-container-5 is-horizontal is-content-justification-center wp-block-buttons alignfull\">\n<div class=\"wp-block-button has-custom-width wp-block-button__width-100\"><a class=\"wp-block-button__link has-white-color has-text-color has-background no-border-radius\" href=\"https:\/\/calendly.com\/michaelhilberer\/30min\" style=\"background-color:#000000\" target=\"_blank\" rel=\"noreferrer noopener\">7.490<sup>**<\/sup>\u00a0\u20ac \/ Monat<\/a><\/div>\n<\/div>\n<\/div>\n<\/div>\n\n\n\n<p class=\"has-small-font-size\"><sup>**<\/sup>zzgl. Steuern und Reisekosten<\/p>\n\n\n\n<hr class=\"wp-block-separator has-alpha-channel-opacity\"\/>\n\n\n\n<figure class=\"wp-block-image size-large\"><img width=\"1024\" height=\"853\" src=\"https:\/\/hilberer.com\/wp-content\/uploads\/2022\/10\/Transformationspakete_definiert-dokumentiert-1024x853.png\" alt=\"Am Ende jedes Paketes sind Sie ein wichtiges St\u00fcck in Ihrer Transformation vorangekommen und erhalten ein gut  dokumentiertes Ergebnis  f\u00fcr Ihre n\u00e4chsten Schritte.  Wann es weitergeht und ob wir  gemeinsam weitermachen  entscheiden Sie!\" class=\"wp-image-216\" srcset=\"https:\/\/hilberer.com\/wp-content\/uploads\/2022\/10\/Transformationspakete_definiert-dokumentiert-1024x853.png 1024w, https:\/\/hilberer.com\/wp-content\/uploads\/2022\/10\/Transformationspakete_definiert-dokumentiert-300x250.png 300w, https:\/\/hilberer.com\/wp-content\/uploads\/2022\/10\/Transformationspakete_definiert-dokumentiert-768x639.png 768w, https:\/\/hilberer.com\/wp-content\/uploads\/2022\/10\/Transformationspakete_definiert-dokumentiert-1536x1279.png 1536w, https:\/\/hilberer.com\/wp-content\/uploads\/2022\/10\/Transformationspakete_definiert-dokumentiert-2048x1705.png 2048w\" sizes=\"(max-width: 1024px) 100vw, 1024px\" \/><\/figure>\n\n\n\n<p>Noch unsicher, ob dies das richtige Format f\u00fcr Sie und Ihre Organisation ist? <\/p>\n\n\n\n<p><a rel=\"noreferrer noopener\" href=\"https:\/\/calendly.com\/michaelhilberer\/30min\" target=\"_blank\">Buchen Sie<\/a><a rel=\"noreferrer noopener\" href=\"https:\/\/calendly.com\/michaelhilberer\/30min\" target=\"_blank\"> <\/a><a rel=\"noreferrer noopener\" href=\"https:\/\/calendly.com\/michaelhilberer\/30min\" target=\"_blank\">h<\/a><a rel=\"noreferrer noopener\" href=\"https:\/\/calendly.com\/michaelhilberer\/30min\" target=\"_blank\">i<\/a><a rel=\"noreferrer noopener\" href=\"https:\/\/calendly.com\/michaelhilberer\/30min\" target=\"_blank\">e<\/a><a rel=\"noreferrer noopener\" href=\"https:\/\/calendly.com\/michaelhilberer\/30min\" target=\"_blank\">r<\/a><a rel=\"noreferrer noopener\" href=\"https:\/\/calendly.com\/michaelhilberer\/30min\" target=\"_blank\"> ein unverbindliches, kostenloses Vorgespr\u00e4ch.<\/a><\/p>\n","protected":false},"excerpt":{"rendered":"<p>Kein Transformationsprojekt ist wie das andere &#8211; das macht es f\u00fcr Unternehmen so schwierig die Kosten f\u00fcr ihre externe Unterst\u00fctzung zu planen. Mit den drei Transformationspaketen, Roadmap, Sprint und Ultra k\u00f6nnen Sie dagegen einfach die monatlichen Kosten einplanen und haben<\/p>\n","protected":false},"author":1,"featured_media":0,"parent":0,"menu_order":0,"comment_status":"closed","ping_status":"closed","template":"","meta":[],"_links":{"self":[{"href":"https:\/\/hilberer.com\/index.php?rest_route=\/wp\/v2\/pages\/201"}],"collection":[{"href":"https:\/\/hilberer.com\/index.php?rest_route=\/wp\/v2\/pages"}],"about":[{"href":"https:\/\/hilberer.com\/index.php?rest_route=\/wp\/v2\/types\/page"}],"author":[{"embeddable":true,"href":"https:\/\/hilberer.com\/index.php?rest_route=\/wp\/v2\/users\/1"}],"replies":[{"embeddable":true,"href":"https:\/\/hilberer.com\/index.php?rest_route=%2Fwp%2Fv2%2Fcomments&post=201"}],"version-history":[{"count":16,"href":"https:\/\/hilberer.com\/index.php?rest_route=\/wp\/v2\/pages\/201\/revisions"}],"predecessor-version":[{"id":227,"href":"https:\/\/hilberer.com\/index.php?rest_route=\/wp\/v2\/pages\/201\/revisions\/227"}],"wp:attachment":[{"href":"https:\/\/hilberer.com\/index.php?rest_route=%2Fwp%2Fv2%2Fmedia&parent=201"}],"curies":[{"name":"wp","href":"https:\/\/api.w.org\/{rel}","templated":true}]}}