{"id":96,"date":"2022-10-14T13:25:27","date_gmt":"2022-10-14T13:25:27","guid":{"rendered":"https:\/\/hilberer.com\/?page_id=96"},"modified":"2022-10-18T14:01:44","modified_gmt":"2022-10-18T14:01:44","slug":"coaching","status":"publish","type":"page","link":"https:\/\/hilberer.com\/?page_id=96","title":{"rendered":"Agiles Coaching f\u00fcr Organisationen und Einzelpersonen"},"content":{"rendered":"\n<p>Jede Transformation ist anders.&nbsp;<\/p>\n\n\n\n<p>Als Coach begleite ich Sie oder Ihre Organisation in ihrem ganz eigenen Transformationsprozess. Hier werden Sie kein Transformationsmodell von der Stange finden &#8211; wir erkunden gemeinsam Ihre individuellen Anforderungen und designen in einem <a href=\"https:\/\/hilberer.com\/?page_id=143#CoCreation\" data-type=\"page\" target=\"_blank\" rel=\"noreferrer noopener\">Co-Creation<\/a> Prozess Ihren Weg in die Wissensgesellschaft.<\/p>\n\n\n\n<p>Das Tempo bestimmen Sie!<\/p>\n\n\n\n<hr class=\"wp-block-separator has-alpha-channel-opacity\"\/>\n\n\n\n<p><strong>Coaching Organizations<\/strong><\/p>\n\n\n\n<p>Gibt es ein ganz konkretes Problem, das Sie angehen m\u00f6chten: Funktioniert Ihre Software Entwicklung nicht so, wie sie sollte? Leiden Sie unter &#8222;<a rel=\"noreferrer noopener\" href=\"https:\/\/hilberer.com\/?page_id=143#SCRUM_but\" data-type=\"page\" target=\"_blank\">Scrum, but&#8230;<\/a>&#8222;? <\/p>\n\n\n<div class=\"wp-block-image\">\n<figure class=\"alignleft size-medium\"><img fetchpriority=\"high\" width=\"300\" height=\"300\" src=\"https:\/\/hilberer.com\/wp-content\/uploads\/2022\/10\/workshop_group02-300x300.png\" alt=\"Workshop Gruppe Pastel\" class=\"wp-image-168\" srcset=\"https:\/\/hilberer.com\/wp-content\/uploads\/2022\/10\/workshop_group02-300x300.png 300w, https:\/\/hilberer.com\/wp-content\/uploads\/2022\/10\/workshop_group02-150x150.png 150w, https:\/\/hilberer.com\/wp-content\/uploads\/2022\/10\/workshop_group02.png 512w\" sizes=\"(max-width: 300px) 100vw, 300px\" \/><\/figure><\/div>\n\n\n<p>Vielleicht steht Ihre Organisation unter starkem Wachstumsdruck und sie brauchen bessere Ans\u00e4tze f\u00fcr Ihre Skalierung?<\/p>\n\n\n\n<p>Oder sp\u00fcren Sie einfach immer st\u00e4rker den Druck auf Ihrer Organisation, schneller und besser werden zu m\u00fcssen?<\/p>\n\n\n\n<p>Beim Organisationscoaching k\u00f6nnen wir mit einem definierten, kleinen Bereich starten oder die Organisation als ganzes betrachten. \u00dcber einen l\u00e4ngeren Zeitraum arbeiten wir iterativ an der Ver\u00e4nderung zum Besseren und im Sinne des <a rel=\"noreferrer noopener\" href=\"https:\/\/hilberer.com\/?page_id=143\" data-type=\"page\" data-id=\"143\" target=\"_blank\">MVP Ansatzes<\/a> liefern wir in jeder Iteration Mehrwert f\u00fcr Ihre Organisation.<\/p>\n\n\n\n<p>Wenn Sie schnell loslegen m\u00f6chten, werfen Sie doch einen Blick auf unsere <a href=\"https:\/\/hilberer.com\/?page_id=201\" data-type=\"page\" data-id=\"201\">Transformationspakete<\/a> oder vereinbaren Sie <a href=\"https:\/\/calendly.com\/michaelhilberer\/30min\" target=\"_blank\" rel=\"noreferrer noopener\">hier ein unverbindliches, kostenloses Beratungsgespr\u00e4ch<\/a>.<\/p>\n\n\n\n<hr class=\"wp-block-separator has-alpha-channel-opacity\"\/>\n\n\n\n<p><strong>Coaching Individuals<\/strong><\/p>\n\n\n<div class=\"wp-block-image\">\n<figure class=\"alignright size-medium\"><img width=\"300\" height=\"300\" src=\"https:\/\/hilberer.com\/wp-content\/uploads\/2022\/10\/coaching_individual-300x300.png\" alt=\"Coaching Individual\" class=\"wp-image-161\" srcset=\"https:\/\/hilberer.com\/wp-content\/uploads\/2022\/10\/coaching_individual-300x300.png 300w, https:\/\/hilberer.com\/wp-content\/uploads\/2022\/10\/coaching_individual-1024x1024.png 1024w, https:\/\/hilberer.com\/wp-content\/uploads\/2022\/10\/coaching_individual-150x150.png 150w, https:\/\/hilberer.com\/wp-content\/uploads\/2022\/10\/coaching_individual-768x768.png 768w, https:\/\/hilberer.com\/wp-content\/uploads\/2022\/10\/coaching_individual-1536x1536.png 1536w, https:\/\/hilberer.com\/wp-content\/uploads\/2022\/10\/coaching_individual.png 2048w\" sizes=\"(max-width: 300px) 100vw, 300px\" \/><\/figure><\/div>\n\n\n<p>Nicht nur Organisationen brauchen Unterst\u00fctzung. Sie nehmen F\u00fchrungsaufgaben in einer Organisation wahr oder bereiten sich auf eine solche Rolle vor? Neben Ihren vielen Aufgaben fehlen Zeit und Fokus um an der eigenen Transformation zu arbeiten?&nbsp;<\/p>\n\n\n\n<p>Durch regelm\u00e4\u00dfige Termine und verbindliche Ziele arbeiten wir zusammen an Ihrer professionellen Weiterentwicklung. Machen Sie sich fit f\u00fcr die Zukunft und tragen die Transformation in Ihre Organisation.<\/p>\n\n\n\n<p><\/p>\n\n\n\n<hr class=\"wp-block-separator has-alpha-channel-opacity\"\/>\n\n\n\n<p><strong>Remote oder OnSite?<\/strong><\/p>\n\n\n<div class=\"wp-block-image\">\n<figure class=\"alignleft size-medium\"><img width=\"300\" height=\"300\" src=\"https:\/\/hilberer.com\/wp-content\/uploads\/2022\/10\/coaching_on_site-300x300.png\" alt=\"Zusammenarbeit\" class=\"wp-image-165\" srcset=\"https:\/\/hilberer.com\/wp-content\/uploads\/2022\/10\/coaching_on_site-300x300.png 300w, https:\/\/hilberer.com\/wp-content\/uploads\/2022\/10\/coaching_on_site-150x150.png 150w, https:\/\/hilberer.com\/wp-content\/uploads\/2022\/10\/coaching_on_site.png 512w\" sizes=\"(max-width: 300px) 100vw, 300px\" \/><\/figure><\/div>\n\n\n<p>Ganz klar: Die Antwort lautet sowohl als auch!<\/p>\n\n\n\n<p>Ortsunabh\u00e4ngiges Arbeiten ist der neue Standard. Auch im Bereich Ihres Coachings schauen wir uns zusammen an, welche Teile wir remote erledigen k\u00f6nnen und wof\u00fcr wir uns besser an einem Ort treffen. Oft ist es auch abh\u00e4ngig von der geplanten Timeline und der Verf\u00fcgbarkeit von Teilnehmern, welche Variante sich am besten eignet.&nbsp;<\/p>\n\n\n\n<div style=\"height:10px\" aria-hidden=\"true\" class=\"wp-block-spacer\"><\/div>\n\n\n\n<p><\/p>\n\n\n\n<hr class=\"wp-block-separator has-alpha-channel-opacity\"\/>\n\n\n\n<p><strong>Agile Methoden<\/strong><\/p>\n\n\n<div class=\"wp-block-image\">\n<figure class=\"alignright size-medium\"><img loading=\"lazy\" width=\"300\" height=\"300\" src=\"https:\/\/hilberer.com\/wp-content\/uploads\/2022\/10\/scrum-300x300.png\" alt=\"Scrum Pastel\" class=\"wp-image-167\" srcset=\"https:\/\/hilberer.com\/wp-content\/uploads\/2022\/10\/scrum-300x300.png 300w, https:\/\/hilberer.com\/wp-content\/uploads\/2022\/10\/scrum-150x150.png 150w, https:\/\/hilberer.com\/wp-content\/uploads\/2022\/10\/scrum.png 512w\" sizes=\"(max-width: 300px) 100vw, 300px\" \/><\/figure><\/div>\n\n\n<p>Wenn man ein Hammer ist, sieht jedes Problem wie ein Nagel aus &#8211; in diese Falle wollen Sie nicht geraten. Als zertifizierter agiler Praktiker und ausgebildeter Expert Coach nutze ich meine Erfahrungen, um die passenden Werkzeuge f\u00fcr Ihre Anforderung vorzuschlagen.<\/p>\n\n\n\n<div style=\"height:10px\" aria-hidden=\"true\" class=\"wp-block-spacer\"><\/div>\n\n\n\n<figure class=\"wp-block-image size-large\"><img loading=\"lazy\" width=\"1024\" height=\"1024\" src=\"https:\/\/hilberer.com\/wp-content\/uploads\/2022\/10\/agile_methods_wordcloud-1024x1024.png\" alt=\"Wortwolke - agiler Methoden:\nTheory-U, Presencing, Co-Creating, Co-Initializing, Design Thinking, Deep Listening, Search Inside Yourself, Liberating Structures, Ceremonies, SCRUM, Kanban, Retrospectives, Team Health Check, OKR, Circles of influence, Human Centered \nApproach to Innovation, Innovation Workshops, Design Sprints, Paper Prototyping, Lean Startup, Customer Journeys, Agile Change, Management, Design, Exploration, Discovery, Run &amp; Scale, SMART Goals, MVP \" class=\"wp-image-97\" srcset=\"https:\/\/hilberer.com\/wp-content\/uploads\/2022\/10\/agile_methods_wordcloud.png 1024w, https:\/\/hilberer.com\/wp-content\/uploads\/2022\/10\/agile_methods_wordcloud-300x300.png 300w, https:\/\/hilberer.com\/wp-content\/uploads\/2022\/10\/agile_methods_wordcloud-150x150.png 150w, https:\/\/hilberer.com\/wp-content\/uploads\/2022\/10\/agile_methods_wordcloud-768x768.png 768w\" sizes=\"(max-width: 1024px) 100vw, 1024px\" \/><\/figure>\n\n\n\n<hr class=\"wp-block-separator has-alpha-channel-opacity\"\/>\n\n\n\n<p><strong>Verf\u00fcgbarkeit<\/strong><\/p>\n\n\n\n<!-- Calendly inline widget begin -->\n<div class=\"calendly-inline-widget\" data-url=\"https:\/\/calendly.com\/michaelhilberer\/30min?primary_color=ffb400\" style=\"min-width:320px;height:630px;\"><\/div>\n<script type=\"text\/javascript\" src=\"https:\/\/assets.calendly.com\/assets\/external\/widget.js\" async><\/script>\n<!-- Calendly inline widget end -->\n","protected":false},"excerpt":{"rendered":"<p>Jede Transformation ist anders.&nbsp; Als Coach begleite ich Sie oder Ihre Organisation in ihrem ganz eigenen Transformationsprozess. Hier werden Sie kein Transformationsmodell von der Stange finden &#8211; wir erkunden gemeinsam Ihre individuellen Anforderungen und designen in einem Co-Creation Prozess Ihren<\/p>\n","protected":false},"author":1,"featured_media":0,"parent":0,"menu_order":0,"comment_status":"closed","ping_status":"closed","template":"","meta":[],"_links":{"self":[{"href":"https:\/\/hilberer.com\/index.php?rest_route=\/wp\/v2\/pages\/96"}],"collection":[{"href":"https:\/\/hilberer.com\/index.php?rest_route=\/wp\/v2\/pages"}],"about":[{"href":"https:\/\/hilberer.com\/index.php?rest_route=\/wp\/v2\/types\/page"}],"author":[{"embeddable":true,"href":"https:\/\/hilberer.com\/index.php?rest_route=\/wp\/v2\/users\/1"}],"replies":[{"embeddable":true,"href":"https:\/\/hilberer.com\/index.php?rest_route=%2Fwp%2Fv2%2Fcomments&post=96"}],"version-history":[{"count":25,"href":"https:\/\/hilberer.com\/index.php?rest_route=\/wp\/v2\/pages\/96\/revisions"}],"predecessor-version":[{"id":223,"href":"https:\/\/hilberer.com\/index.php?rest_route=\/wp\/v2\/pages\/96\/revisions\/223"}],"wp:attachment":[{"href":"https:\/\/hilberer.com\/index.php?rest_route=%2Fwp%2Fv2%2Fmedia&parent=96"}],"curies":[{"name":"wp","href":"https:\/\/api.w.org\/{rel}","templated":true}]}}